{"id":855,"date":"2016-05-23T14:21:23","date_gmt":"2016-05-23T12:21:23","guid":{"rendered":"http:\/\/newskontor.walterstestseite.de\/?page_id=855"},"modified":"2026-01-29T15:43:24","modified_gmt":"2026-01-29T14:43:24","slug":"veranstaltungen","status":"publish","type":"page","link":"https:\/\/www.news-kontor.de\/en\/veranstaltungen\/","title":{"rendered":"Events"},"content":{"rendered":"<div class=\"wpb-content-wrapper\"><section id=\"section-1\" class=\"content-section section vc-section separator-none\">\r\n\r\n\t\t<div class=\"section-anchor section-top-anchor\" data-anchor=\"top\" data-section=\"#section-1\"><\/div>\r\n\t\t\r\n\t\t\r\n\t\t\r\n\t\t\t\r\n\t\t\t\t\t\t\t\t<div class=\"section-background\" data-parallax=\"background\"><\/div>\r\n\r\n\t\t\t\r\n\t\t\r\n\t\t\t\t<div class=\"separator\" style=\"background-color: #000000; color: #ffffff;\"><\/div>\r\n\r\n\t\t<div class=\"container\">\r\n\t\t\t<div class=\"wpb_row vc_row-fluid\">\r\n\t\t\t\t<div class=\"wpb_column vc_column_container vc_col-sm-6\"><div class=\"vc_column-inner\"><div class=\"wpb_wrapper\">\n\t<div  class=\"wpb_single_image wpb_content_element vc_align_left wpb_content_element\">\n\t\t\n\t\t<figure class=\"wpb_wrapper vc_figure\">\n\t\t\t<div class=\"vc_single_image-wrapper   vc_box_border_grey\"><img loading=\"lazy\" decoding=\"async\" width=\"300\" height=\"103\" src=\"https:\/\/www.news-kontor.de\/wp-content\/uploads\/2019\/11\/finplace-Logo-300x103.png\" class=\"vc_single_image-img attachment-medium\" alt=\"\" title=\"finplace-Logo\" srcset=\"https:\/\/www.news-kontor.de\/wp-content\/uploads\/2019\/11\/finplace-Logo-300x103.png 300w, https:\/\/www.news-kontor.de\/wp-content\/uploads\/2019\/11\/finplace-Logo.png 600w\" sizes=\"auto, (max-width: 300px) 100vw, 300px\" \/><\/div>\n\t\t<\/figure>\n\t<\/div>\n<\/div><\/div><\/div><div class=\"wpb_column vc_column_container vc_col-sm-6\"><div class=\"vc_column-inner\"><div class=\"wpb_wrapper\">\n\t<div class=\"wpb_text_column wpb_content_element\" >\n\t\t<div class=\"wpb_wrapper\">\n\t\t\t<p>Together with the NRW banking association, we organize the network meeting \"#finplaceNRW\" in D\u00fcsseldorf.<\/p>\n<p>Der Finanzplatz NRW ist gro\u00df, vielf\u00e4ltig und ideenreich. Aber er ist zu wenig vernetzt. Das wollen wir \u00e4ndern: Wir m\u00f6chten allen Akteuren eine Plattform bieten um sich zu informieren, sich zu vernetzen und die Finanzbranche zukunftsorientiert zu ver\u00e4ndern. Das Ganze in lockerer Atmosph\u00e4re. Spannende Vortr\u00e4ge, Pitches und Diskussionsrunden sind erst der Anfang. Das Veranstaltungskonzept ist flexibel angelegt, wir sind immer offen f\u00fcr neue Ideen und Umsetzungen.<\/p>\n<p>Regelm\u00e4\u00dfige zwanglose Treffen zum Reden und Netzwerken, Kennenlernen und Ideen entwickeln, zum Informieren und Treffen mit interessanten Gespr\u00e4chspartnern. Wir wollen damit den Finanzsektor NRW enger verzahnen, weiterentwickeln und eine neue gemeinsame Plattform schaffen.<\/p>\n<p>You can find more information here:\u00a0<a href=\"https:\/\/finplace-nrw.de\" target=\"&quot;_blank&quot;\">www.finplace-nrw.de<\/a><\/p>\n\n\t\t<\/div>\n\t<\/div>\n<\/div><\/div><\/div>\t\t\t<\/div>\r\n\t\t<\/div>\r\n\r\n\t\t<div class=\"section-anchor section-bottom-anchor\" data-anchor=\"bottom\" data-section=\"#section-1\"><\/div>\r\n\r\n\t<\/section>\r\n\t\r\n\r\n\t\r\n\t<section id=\"section-2\" class=\"content-section section vc-section separator-none\">\r\n\r\n\t\t<div class=\"section-anchor section-top-anchor\" data-anchor=\"top\" data-section=\"#section-2\"><\/div>\r\n\t\t\r\n\t\t\r\n\t\t\r\n\t\t\t\r\n\t\t\t\t\t\t\t\t<div class=\"section-background\" data-parallax=\"background\"><\/div>\r\n\r\n\t\t\t\r\n\t\t\r\n\t\t\t\t<div class=\"separator\" style=\"background-color: #000000; color: #ffffff;\"><\/div>\r\n\r\n\t\t<div class=\"container\">\r\n\t\t\t<div class=\"wpb_row vc_row-fluid\">\r\n\t\t\t\t<div class=\"wpb_column vc_column_container vc_col-sm-12\"><div class=\"vc_column-inner\"><div class=\"wpb_wrapper\"><div class=\"vc_separator wpb_content_element vc_separator_align_center vc_sep_width_100 vc_sep_pos_align_center vc_separator_no_text vc_sep_color_grey wpb_content_element  wpb_content_element\" ><span class=\"vc_sep_holder vc_sep_holder_l\"><span class=\"vc_sep_line\"><\/span><\/span><span class=\"vc_sep_holder vc_sep_holder_r\"><span class=\"vc_sep_line\"><\/span><\/span>\n<\/div><\/div><\/div><\/div>\t\t\t<\/div>\r\n\t\t<\/div>\r\n\r\n\t\t<div class=\"section-anchor section-bottom-anchor\" data-anchor=\"bottom\" data-section=\"#section-2\"><\/div>\r\n\r\n\t<\/section>\r\n\t\r\n\r\n\t\r\n\t<section id=\"section-3\" class=\"content-section section vc-section separator-none\">\r\n\r\n\t\t<div class=\"section-anchor section-top-anchor\" data-anchor=\"top\" data-section=\"#section-3\"><\/div>\r\n\t\t\r\n\t\t\r\n\t\t\r\n\t\t\t\r\n\t\t\t\t\t\t\t\t<div class=\"section-background\" data-parallax=\"background\"><\/div>\r\n\r\n\t\t\t\r\n\t\t\r\n\t\t\t\t<div class=\"separator\" style=\"background-color: #000000; color: #ffffff;\"><\/div>\r\n\r\n\t\t<div class=\"container\">\r\n\t\t\t<div class=\"wpb_row vc_row-fluid\">\r\n\t\t\t\t<div class=\"wpb_column vc_column_container vc_col-sm-6\"><div class=\"vc_column-inner\"><div class=\"wpb_wrapper\">\n\t<div  class=\"wpb_single_image wpb_content_element vc_align_left wpb_content_element\">\n\t\t\n\t\t<figure class=\"wpb_wrapper vc_figure\">\n\t\t\t<div class=\"vc_single_image-wrapper   vc_box_border_grey\"><img loading=\"lazy\" decoding=\"async\" width=\"300\" height=\"93\" src=\"https:\/\/www.news-kontor.de\/wp-content\/uploads\/2019\/11\/MedaTreff-Logo-300x93.png\" class=\"vc_single_image-img attachment-medium\" alt=\"\" title=\"MedaTreff-Logo\" srcset=\"https:\/\/www.news-kontor.de\/wp-content\/uploads\/2019\/11\/MedaTreff-Logo-300x93.png 300w, https:\/\/www.news-kontor.de\/wp-content\/uploads\/2019\/11\/MedaTreff-Logo-768x239.png 768w, https:\/\/www.news-kontor.de\/wp-content\/uploads\/2019\/11\/MedaTreff-Logo-1024x319.png 1024w, https:\/\/www.news-kontor.de\/wp-content\/uploads\/2019\/11\/MedaTreff-Logo.png 1107w\" sizes=\"auto, (max-width: 300px) 100vw, 300px\" \/><\/div>\n\t\t<\/figure>\n\t<\/div>\n<\/div><\/div><\/div><div class=\"wpb_column vc_column_container vc_col-sm-6\"><div class=\"vc_column-inner\"><div class=\"wpb_wrapper\">\n\t<div class=\"wpb_text_column wpb_content_element\" >\n\t\t<div class=\"wpb_wrapper\">\n\t\t\t<p class=\"p1\">Mediatreff NRW is an informal network meeting for communicators and journalists in North Rhine-Westphalia and is organized by Jessica Schwarzer, Ulrike Germann, Thomas L\u00fcdeke and Marco Cabras.<\/p>\n<p>We network communicators and journalists in NRW and offer an informal platform for professionals from companies and media houses. It provides insights behind the scenes of the regional economy.<\/p>\n<p class=\"p1\">Further information can be found at: <a href=\"https:\/\/mediatreff-nrw.de\">www.mediatreff-nrw.de<\/a><\/p>\n\n\t\t<\/div>\n\t<\/div>\n<\/div><\/div><\/div>\t\t\t<\/div>\r\n\t\t<\/div>\r\n\r\n\t\t<div class=\"section-anchor section-bottom-anchor\" data-anchor=\"bottom\" data-section=\"#section-3\"><\/div>\r\n\r\n\t<\/section>\n<\/div>","protected":false},"excerpt":{"rendered":"Gemeinsam mit dem Bankenverband NRW richten wir das Netzwerktreffen \u201e#finplaceNRW\u201c in D\u00fcsseldorf aus. Der Finanzplatz NRW ist gro\u00df, vielf\u00e4ltig und ideenreich. Aber er ist zu wenig vernetzt. Das wollen wir \u00e4ndern: Wir m\u00f6chten allen Akteuren eine Plattform bieten um sich zu informieren, sich zu vernetzen und die Finanzbranche zukunftsorientiert zu ver\u00e4ndern. Das Ganze in lockerer&hellip;","protected":false},"author":9,"featured_media":0,"parent":0,"menu_order":0,"comment_status":"closed","ping_status":"closed","template":"page-template-full-width.php","meta":{"footnotes":""},"class_list":["post-855","page","type-page","status-publish","hentry"],"yoast_head":"<!-- This site is optimized with the Yoast SEO plugin v25.9 - https:\/\/yoast.com\/wordpress\/plugins\/seo\/ -->\n<title>Veranstaltungen - Newskontor<\/title>\n<meta name=\"robots\" content=\"index, follow, max-snippet:-1, max-image-preview:large, max-video-preview:-1\" \/>\n<link rel=\"canonical\" href=\"https:\/\/www.news-kontor.de\/en\/veranstaltungen\/\" \/>\n<meta property=\"og:locale\" content=\"en_GB\" \/>\n<meta property=\"og:type\" content=\"article\" \/>\n<meta property=\"og:title\" content=\"Veranstaltungen - Newskontor\" \/>\n<meta property=\"og:url\" content=\"https:\/\/www.news-kontor.de\/en\/veranstaltungen\/\" \/>\n<meta property=\"og:site_name\" content=\"Newskontor\" \/>\n<meta property=\"article:modified_time\" content=\"2026-01-29T14:43:24+00:00\" \/>\n<meta property=\"og:image\" content=\"https:\/\/www.news-kontor.de\/wp-content\/uploads\/2021\/08\/SocialMedia-Vorschaubild2.jpg\" \/>\n\t<meta property=\"og:image:width\" content=\"1200\" \/>\n\t<meta property=\"og:image:height\" content=\"630\" \/>\n\t<meta property=\"og:image:type\" content=\"image\/jpeg\" \/>\n<meta name=\"twitter:card\" content=\"summary_large_image\" \/>\n<meta name=\"twitter:label1\" content=\"Estimated reading time\" \/>\n\t<meta name=\"twitter:data1\" content=\"1 minute\" \/>\n<script type=\"application\/ld+json\" class=\"yoast-schema-graph\">{\"@context\":\"https:\/\/schema.org\",\"@graph\":[{\"@type\":\"WebPage\",\"@id\":\"https:\/\/www.news-kontor.de\/veranstaltungen\/\",\"url\":\"https:\/\/www.news-kontor.de\/veranstaltungen\/\",\"name\":\"Veranstaltungen - Newskontor\",\"isPartOf\":{\"@id\":\"https:\/\/www.news-kontor.de\/#website\"},\"datePublished\":\"2016-05-23T12:21:23+00:00\",\"dateModified\":\"2026-01-29T14:43:24+00:00\",\"breadcrumb\":{\"@id\":\"https:\/\/www.news-kontor.de\/veranstaltungen\/#breadcrumb\"},\"inLanguage\":\"en-GB\",\"potentialAction\":[{\"@type\":\"ReadAction\",\"target\":[\"https:\/\/www.news-kontor.de\/veranstaltungen\/\"]}]},{\"@type\":\"BreadcrumbList\",\"@id\":\"https:\/\/www.news-kontor.de\/veranstaltungen\/#breadcrumb\",\"itemListElement\":[{\"@type\":\"ListItem\",\"position\":1,\"name\":\"Startseite\",\"item\":\"https:\/\/www.news-kontor.de\/\"},{\"@type\":\"ListItem\",\"position\":2,\"name\":\"Veranstaltungen\"}]},{\"@type\":\"WebSite\",\"@id\":\"https:\/\/www.news-kontor.de\/#website\",\"url\":\"https:\/\/www.news-kontor.de\/\",\"name\":\"Newskontor\",\"description\":\"Agentur f\u00fcr Kommunikation\",\"potentialAction\":[{\"@type\":\"SearchAction\",\"target\":{\"@type\":\"EntryPoint\",\"urlTemplate\":\"https:\/\/www.news-kontor.de\/?s={search_term_string}\"},\"query-input\":{\"@type\":\"PropertyValueSpecification\",\"valueRequired\":true,\"valueName\":\"search_term_string\"}}],\"inLanguage\":\"en-GB\"}]}<\/script>\n<!-- \/ Yoast SEO plugin. -->","yoast_head_json":{"title":"Veranstaltungen - Newskontor","robots":{"index":"index","follow":"follow","max-snippet":"max-snippet:-1","max-image-preview":"max-image-preview:large","max-video-preview":"max-video-preview:-1"},"canonical":"https:\/\/www.news-kontor.de\/en\/veranstaltungen\/","og_locale":"en_GB","og_type":"article","og_title":"Veranstaltungen - Newskontor","og_url":"https:\/\/www.news-kontor.de\/en\/veranstaltungen\/","og_site_name":"Newskontor","article_modified_time":"2026-01-29T14:43:24+00:00","og_image":[{"width":1200,"height":630,"url":"https:\/\/www.news-kontor.de\/wp-content\/uploads\/2021\/08\/SocialMedia-Vorschaubild2.jpg","type":"image\/jpeg"}],"twitter_card":"summary_large_image","twitter_misc":{"Estimated reading time":"1 minute"},"schema":{"@context":"https:\/\/schema.org","@graph":[{"@type":"WebPage","@id":"https:\/\/www.news-kontor.de\/veranstaltungen\/","url":"https:\/\/www.news-kontor.de\/veranstaltungen\/","name":"Veranstaltungen - Newskontor","isPartOf":{"@id":"https:\/\/www.news-kontor.de\/#website"},"datePublished":"2016-05-23T12:21:23+00:00","dateModified":"2026-01-29T14:43:24+00:00","breadcrumb":{"@id":"https:\/\/www.news-kontor.de\/veranstaltungen\/#breadcrumb"},"inLanguage":"en-GB","potentialAction":[{"@type":"ReadAction","target":["https:\/\/www.news-kontor.de\/veranstaltungen\/"]}]},{"@type":"BreadcrumbList","@id":"https:\/\/www.news-kontor.de\/veranstaltungen\/#breadcrumb","itemListElement":[{"@type":"ListItem","position":1,"name":"Startseite","item":"https:\/\/www.news-kontor.de\/"},{"@type":"ListItem","position":2,"name":"Veranstaltungen"}]},{"@type":"WebSite","@id":"https:\/\/www.news-kontor.de\/#website","url":"https:\/\/www.news-kontor.de\/","name":"Newskontor","description":"Agency for Communication","potentialAction":[{"@type":"SearchAction","target":{"@type":"EntryPoint","urlTemplate":"https:\/\/www.news-kontor.de\/?s={search_term_string}"},"query-input":{"@type":"PropertyValueSpecification","valueRequired":true,"valueName":"search_term_string"}}],"inLanguage":"en-GB"}]}},"_links":{"self":[{"href":"https:\/\/www.news-kontor.de\/en\/wp-json\/wp\/v2\/pages\/855","targetHints":{"allow":["GET"]}}],"collection":[{"href":"https:\/\/www.news-kontor.de\/en\/wp-json\/wp\/v2\/pages"}],"about":[{"href":"https:\/\/www.news-kontor.de\/en\/wp-json\/wp\/v2\/types\/page"}],"author":[{"embeddable":true,"href":"https:\/\/www.news-kontor.de\/en\/wp-json\/wp\/v2\/users\/9"}],"replies":[{"embeddable":true,"href":"https:\/\/www.news-kontor.de\/en\/wp-json\/wp\/v2\/comments?post=855"}],"version-history":[{"count":7,"href":"https:\/\/www.news-kontor.de\/en\/wp-json\/wp\/v2\/pages\/855\/revisions"}],"predecessor-version":[{"id":3520,"href":"https:\/\/www.news-kontor.de\/en\/wp-json\/wp\/v2\/pages\/855\/revisions\/3520"}],"wp:attachment":[{"href":"https:\/\/www.news-kontor.de\/en\/wp-json\/wp\/v2\/media?parent=855"}],"curies":[{"name":"wp","href":"https:\/\/api.w.org\/{rel}","templated":true}]}}