{"id":565,"date":"2016-01-08T14:21:07","date_gmt":"2016-01-08T13:21:07","guid":{"rendered":"http:\/\/newskontor.walterstestseite.de\/?page_id=565"},"modified":"2024-04-16T10:38:10","modified_gmt":"2024-04-16T08:38:10","slug":"investor-relations","status":"publish","type":"page","link":"https:\/\/www.news-kontor.de\/en\/investor-relations\/","title":{"rendered":"Investor Relations"},"content":{"rendered":"<div class=\"wpb-content-wrapper\"><section id=\"section-1\" class=\"content-section section vc-section separator-none\">\r\n\r\n\t\t<div class=\"section-anchor section-top-anchor\" data-anchor=\"top\" data-section=\"#section-1\"><\/div>\r\n\t\t\r\n\t\t\r\n\t\t\r\n\t\t\t\r\n\t\t\t\t\t\t\t\t<div class=\"section-background\" data-parallax=\"background\"><\/div>\r\n\r\n\t\t\t\r\n\t\t\r\n\t\t\t\t<div class=\"separator\" style=\"background-color: #000000; color: #ffffff;\"><\/div>\r\n\r\n\t\t<div class=\"container\">\r\n\t\t\t<div class=\"wpb_row vc_row-fluid\">\r\n\t\t\t\t<div class=\"wpb_column vc_column_container vc_col-sm-6\"><div class=\"vc_column-inner\"><div class=\"wpb_wrapper\">\n\t<div  class=\"wpb_single_image wpb_content_element vc_align_left wpb_content_element wpb_animate_when_almost_visible wpb_animate_css animated fadeInUp animate_css animated fadeInUp\">\n\t\t\n\t\t<figure class=\"wpb_wrapper vc_figure\">\n\t\t\t<div class=\"vc_single_image-wrapper   vc_box_border_grey\"><img loading=\"lazy\" decoding=\"async\" width=\"760\" height=\"445\" src=\"https:\/\/www.news-kontor.de\/wp-content\/uploads\/2016\/01\/photo-1449157291145-7efd050a4d0e-1024x600.jpeg\" class=\"vc_single_image-img attachment-large\" alt=\"Newskontor \u2013 Agentur f\u00fcr Kommunikation\" title=\"Bankenviertel\" srcset=\"https:\/\/www.news-kontor.de\/wp-content\/uploads\/2016\/01\/photo-1449157291145-7efd050a4d0e-1024x600.jpeg 1024w, https:\/\/www.news-kontor.de\/wp-content\/uploads\/2016\/01\/photo-1449157291145-7efd050a4d0e-300x176.jpeg 300w\" sizes=\"auto, (max-width: 760px) 100vw, 760px\" \/><\/div>\n\t\t<\/figure>\n\t<\/div>\n<\/div><\/div><\/div><div class=\"wpb_column vc_column_container vc_col-sm-6\"><div class=\"vc_column-inner\"><div class=\"wpb_wrapper\">\n\t<div class=\"wpb_text_column wpb_content_element\" >\n\t\t<div class=\"wpb_wrapper\">\n\t\t\t<p><b>A company that is listed on the stock exchange must continuously cultivate relationships with investors, analysts and the financial media.\u00a0<\/b><\/p>\n<p>Right from the beginning, we accompany enterprises from the first steps of their IPO to the start at the stock exchange and beyond.\nIR activities aim to provide open and transparent information about developments in the company and can therefore have a direct impact on the value of the company.<\/p>\n<p><b>Our activities include:<\/b><br \/>\n\u2022 Annual reports (concept, text, layout)<br \/>\n\u2022 Ad hoc announcements<br \/>\n\u2022 Advice on corporate governance issues<br \/>\n\u2022 Preparation and support for annual general meetings (preparation of Q&amp;As, training in response techniques, etc.)<br \/>\n\u2022 Roadshows<\/p>\n\n\t\t<\/div>\n\t<\/div>\n<\/div><\/div><\/div>\t\t\t<\/div>\r\n\t\t<\/div>\r\n\r\n\t\t<div class=\"section-anchor section-bottom-anchor\" data-anchor=\"bottom\" data-section=\"#section-1\"><\/div>\r\n\r\n\t<\/section>\r\n\t\r\n\r\n\t\r\n\t<section id=\"section-2\" class=\"content-section section vc-section separator-none\">\r\n\r\n\t\t<div class=\"section-anchor section-top-anchor\" data-anchor=\"top\" data-section=\"#section-2\"><\/div>\r\n\t\t\r\n\t\t\r\n\t\t\r\n\t\t\t\r\n\t\t\t\t\t\t\t\t<div class=\"section-background\" data-parallax=\"background\"><\/div>\r\n\r\n\t\t\t\r\n\t\t\r\n\t\t\t\t<div class=\"separator\" style=\"background-color: #000000; color: #ffffff;\"><\/div>\r\n\r\n\t\t<div class=\"container\">\r\n\t\t\t<div class=\"wpb_row vc_row-fluid\">\r\n\t\t\t\t<div class=\"wpb_column vc_column_container vc_col-sm-12\"><div class=\"vc_column-inner\"><div class=\"wpb_wrapper\"><\/div><\/div><\/div>\t\t\t<\/div>\r\n\t\t<\/div>\r\n\r\n\t\t<div class=\"section-anchor section-bottom-anchor\" data-anchor=\"bottom\" data-section=\"#section-2\"><\/div>\r\n\r\n\t<\/section>\n<\/div>","protected":false},"excerpt":{"rendered":"Wer als Unternehmen an der B\u00f6rse notiert ist, muss die Beziehungen zu Investoren, Analysten und Finanzmedien kontinuierlich pflegen.\u00a0 Wir sind von Anfang an dabei und begleiten Unternehmen von den ersten Schritten ihres IPO bis zum B\u00f6rsenstart und dar\u00fcber hinaus. IR-Aktivit\u00e4ten haben das Ziel, offen und transparent \u00fcber die Entwicklungen im Unternehmen zu informieren, und k\u00f6nnen&hellip;","protected":false},"author":9,"featured_media":0,"parent":0,"menu_order":0,"comment_status":"closed","ping_status":"closed","template":"page-template-full-width.php","meta":{"footnotes":""},"class_list":["post-565","page","type-page","status-publish","hentry"],"yoast_head":"<!-- This site is optimized with the Yoast SEO plugin v25.9 - https:\/\/yoast.com\/wordpress\/plugins\/seo\/ -->\n<title>Investor Relations - Newskontor<\/title>\n<meta name=\"robots\" content=\"index, follow, max-snippet:-1, max-image-preview:large, max-video-preview:-1\" \/>\n<link rel=\"canonical\" href=\"https:\/\/www.news-kontor.de\/en\/investor-relations\/\" \/>\n<meta property=\"og:locale\" content=\"en_GB\" \/>\n<meta property=\"og:type\" content=\"article\" \/>\n<meta property=\"og:title\" content=\"Investor Relations - Newskontor\" \/>\n<meta property=\"og:url\" content=\"https:\/\/www.news-kontor.de\/en\/investor-relations\/\" \/>\n<meta property=\"og:site_name\" content=\"Newskontor\" \/>\n<meta property=\"article:modified_time\" content=\"2024-04-16T08:38:10+00:00\" \/>\n<meta property=\"og:image\" content=\"https:\/\/www.news-kontor.de\/wp-content\/uploads\/2021\/08\/SocialMedia-Vorschaubild2.jpg\" \/>\n\t<meta property=\"og:image:width\" content=\"1200\" \/>\n\t<meta property=\"og:image:height\" content=\"630\" \/>\n\t<meta property=\"og:image:type\" content=\"image\/jpeg\" \/>\n<meta name=\"twitter:card\" content=\"summary_large_image\" \/>\n<meta name=\"twitter:label1\" content=\"Estimated reading time\" \/>\n\t<meta name=\"twitter:data1\" content=\"1 minute\" \/>\n<script type=\"application\/ld+json\" class=\"yoast-schema-graph\">{\"@context\":\"https:\/\/schema.org\",\"@graph\":[{\"@type\":\"WebPage\",\"@id\":\"https:\/\/www.news-kontor.de\/investor-relations\/\",\"url\":\"https:\/\/www.news-kontor.de\/investor-relations\/\",\"name\":\"Investor Relations - Newskontor\",\"isPartOf\":{\"@id\":\"https:\/\/www.news-kontor.de\/#website\"},\"datePublished\":\"2016-01-08T13:21:07+00:00\",\"dateModified\":\"2024-04-16T08:38:10+00:00\",\"breadcrumb\":{\"@id\":\"https:\/\/www.news-kontor.de\/investor-relations\/#breadcrumb\"},\"inLanguage\":\"en-GB\",\"potentialAction\":[{\"@type\":\"ReadAction\",\"target\":[\"https:\/\/www.news-kontor.de\/investor-relations\/\"]}]},{\"@type\":\"BreadcrumbList\",\"@id\":\"https:\/\/www.news-kontor.de\/investor-relations\/#breadcrumb\",\"itemListElement\":[{\"@type\":\"ListItem\",\"position\":1,\"name\":\"Startseite\",\"item\":\"https:\/\/www.news-kontor.de\/\"},{\"@type\":\"ListItem\",\"position\":2,\"name\":\"Investor Relations\"}]},{\"@type\":\"WebSite\",\"@id\":\"https:\/\/www.news-kontor.de\/#website\",\"url\":\"https:\/\/www.news-kontor.de\/\",\"name\":\"Newskontor\",\"description\":\"Agentur f\u00fcr Kommunikation\",\"potentialAction\":[{\"@type\":\"SearchAction\",\"target\":{\"@type\":\"EntryPoint\",\"urlTemplate\":\"https:\/\/www.news-kontor.de\/?s={search_term_string}\"},\"query-input\":{\"@type\":\"PropertyValueSpecification\",\"valueRequired\":true,\"valueName\":\"search_term_string\"}}],\"inLanguage\":\"en-GB\"}]}<\/script>\n<!-- \/ Yoast SEO plugin. -->","yoast_head_json":{"title":"Investor Relations - Newskontor","robots":{"index":"index","follow":"follow","max-snippet":"max-snippet:-1","max-image-preview":"max-image-preview:large","max-video-preview":"max-video-preview:-1"},"canonical":"https:\/\/www.news-kontor.de\/en\/investor-relations\/","og_locale":"en_GB","og_type":"article","og_title":"Investor Relations - Newskontor","og_url":"https:\/\/www.news-kontor.de\/en\/investor-relations\/","og_site_name":"Newskontor","article_modified_time":"2024-04-16T08:38:10+00:00","og_image":[{"width":1200,"height":630,"url":"https:\/\/www.news-kontor.de\/wp-content\/uploads\/2021\/08\/SocialMedia-Vorschaubild2.jpg","type":"image\/jpeg"}],"twitter_card":"summary_large_image","twitter_misc":{"Estimated reading time":"1 minute"},"schema":{"@context":"https:\/\/schema.org","@graph":[{"@type":"WebPage","@id":"https:\/\/www.news-kontor.de\/investor-relations\/","url":"https:\/\/www.news-kontor.de\/investor-relations\/","name":"Investor Relations - Newskontor","isPartOf":{"@id":"https:\/\/www.news-kontor.de\/#website"},"datePublished":"2016-01-08T13:21:07+00:00","dateModified":"2024-04-16T08:38:10+00:00","breadcrumb":{"@id":"https:\/\/www.news-kontor.de\/investor-relations\/#breadcrumb"},"inLanguage":"en-GB","potentialAction":[{"@type":"ReadAction","target":["https:\/\/www.news-kontor.de\/investor-relations\/"]}]},{"@type":"BreadcrumbList","@id":"https:\/\/www.news-kontor.de\/investor-relations\/#breadcrumb","itemListElement":[{"@type":"ListItem","position":1,"name":"Startseite","item":"https:\/\/www.news-kontor.de\/"},{"@type":"ListItem","position":2,"name":"Investor Relations"}]},{"@type":"WebSite","@id":"https:\/\/www.news-kontor.de\/#website","url":"https:\/\/www.news-kontor.de\/","name":"Newskontor","description":"Agency for Communication","potentialAction":[{"@type":"SearchAction","target":{"@type":"EntryPoint","urlTemplate":"https:\/\/www.news-kontor.de\/?s={search_term_string}"},"query-input":{"@type":"PropertyValueSpecification","valueRequired":true,"valueName":"search_term_string"}}],"inLanguage":"en-GB"}]}},"_links":{"self":[{"href":"https:\/\/www.news-kontor.de\/en\/wp-json\/wp\/v2\/pages\/565","targetHints":{"allow":["GET"]}}],"collection":[{"href":"https:\/\/www.news-kontor.de\/en\/wp-json\/wp\/v2\/pages"}],"about":[{"href":"https:\/\/www.news-kontor.de\/en\/wp-json\/wp\/v2\/types\/page"}],"author":[{"embeddable":true,"href":"https:\/\/www.news-kontor.de\/en\/wp-json\/wp\/v2\/users\/9"}],"replies":[{"embeddable":true,"href":"https:\/\/www.news-kontor.de\/en\/wp-json\/wp\/v2\/comments?post=565"}],"version-history":[{"count":5,"href":"https:\/\/www.news-kontor.de\/en\/wp-json\/wp\/v2\/pages\/565\/revisions"}],"predecessor-version":[{"id":2864,"href":"https:\/\/www.news-kontor.de\/en\/wp-json\/wp\/v2\/pages\/565\/revisions\/2864"}],"wp:attachment":[{"href":"https:\/\/www.news-kontor.de\/en\/wp-json\/wp\/v2\/media?parent=565"}],"curies":[{"name":"wp","href":"https:\/\/api.w.org\/{rel}","templated":true}]}}