{"id":561,"date":"2016-01-08T14:16:36","date_gmt":"2016-01-08T13:16:36","guid":{"rendered":"http:\/\/newskontor.walterstestseite.de\/?page_id=561"},"modified":"2026-01-29T15:44:08","modified_gmt":"2026-01-29T14:44:08","slug":"content-creation","status":"publish","type":"page","link":"https:\/\/www.news-kontor.de\/en\/content-creation\/","title":{"rendered":"Content Creation"},"content":{"rendered":"<div class=\"wpb-content-wrapper\"><section id=\"section-1\" class=\"content-section section vc-section separator-none\">\r\n\r\n\t\t<div class=\"section-anchor section-top-anchor\" data-anchor=\"top\" data-section=\"#section-1\"><\/div>\r\n\t\t\r\n\t\t\r\n\t\t\r\n\t\t\t\r\n\t\t\t\t\t\t\t\t<div class=\"section-background\" data-parallax=\"background\"><\/div>\r\n\r\n\t\t\t\r\n\t\t\r\n\t\t\t\t<div class=\"separator\" style=\"background-color: #000000; color: #ffffff;\"><\/div>\r\n\r\n\t\t<div class=\"container\">\r\n\t\t\t<div class=\"wpb_row vc_row-fluid\">\r\n\t\t\t\t<div class=\"wpb_column vc_column_container vc_col-sm-6\"><div class=\"vc_column-inner\"><div class=\"wpb_wrapper\">\n\t<div  class=\"wpb_single_image wpb_content_element vc_align_center wpb_content_element wpb_animate_when_almost_visible wpb_animate_css animated fadeInUp animate_css animated fadeInUp\">\n\t\t\n\t\t<figure class=\"wpb_wrapper vc_figure\">\n\t\t\t<div class=\"vc_single_image-wrapper   vc_box_border_grey\"><img loading=\"lazy\" decoding=\"async\" width=\"760\" height=\"505\" src=\"https:\/\/www.news-kontor.de\/wp-content\/uploads\/2016\/01\/tkLOe7nnQ7mnMsiuijBy_hm-1024x680.jpg\" class=\"vc_single_image-img attachment-large\" alt=\"Newskontor \u2013\u00a0Agentur f\u00fcr Kommunikation\" title=\"Bibliothek\" srcset=\"https:\/\/www.news-kontor.de\/wp-content\/uploads\/2016\/01\/tkLOe7nnQ7mnMsiuijBy_hm-1024x680.jpg 1024w, https:\/\/www.news-kontor.de\/wp-content\/uploads\/2016\/01\/tkLOe7nnQ7mnMsiuijBy_hm-300x199.jpg 300w, https:\/\/www.news-kontor.de\/wp-content\/uploads\/2016\/01\/tkLOe7nnQ7mnMsiuijBy_hm.jpg 1080w\" sizes=\"auto, (max-width: 760px) 100vw, 760px\" \/><\/div>\n\t\t<\/figure>\n\t<\/div>\n<\/div><\/div><\/div><div class=\"wpb_column vc_column_container vc_col-sm-6\"><div class=\"vc_column-inner\"><div class=\"wpb_wrapper\">\n\t<div class=\"wpb_text_column wpb_content_element\" >\n\t\t<div class=\"wpb_wrapper\">\n\t\t\t<p><b>Content creation gives you space to present your own topics in detail.\u00a0<\/b><\/p>\n<p>Hier gilt im Besonderen: Je fundierter, je ausgewogener, je transparenter die Inhalte sind, desto h\u00f6her ist die Glaubw\u00fcrdigkeit.<\/p>\n<p>We design various publication formats, identify the topics, write the content for specific target groups, ensure the appropriate layout, supervise production and printing, and also arrange distribution to the desired addressees.<\/p>\n<p>Possible publication formats:<br \/>\n\u2013 Newsletter (online and print)<br \/>\n\u2013 Customer magazines<br \/>\n\u2013 Brochures and flyers<br \/>\n\u2013 Complete special inserts<br \/>\n\u2013 Websites<\/p>\n\n\t\t<\/div>\n\t<\/div>\n<\/div><\/div><\/div>\t\t\t<\/div>\r\n\t\t<\/div>\r\n\r\n\t\t<div class=\"section-anchor section-bottom-anchor\" data-anchor=\"bottom\" data-section=\"#section-1\"><\/div>\r\n\r\n\t<\/section>\r\n\t\r\n\r\n\t\r\n\t<section id=\"section-2\" class=\"content-section section vc-section separator-none\">\r\n\r\n\t\t<div class=\"section-anchor section-top-anchor\" data-anchor=\"top\" data-section=\"#section-2\"><\/div>\r\n\t\t\r\n\t\t\r\n\t\t\r\n\t\t\t\r\n\t\t\t\t\t\t\t\t<div class=\"section-background\" data-parallax=\"background\"><\/div>\r\n\r\n\t\t\t\r\n\t\t\r\n\t\t\t\t<div class=\"separator\" style=\"background-color: #000000; color: #ffffff;\"><\/div>\r\n\r\n\t\t<div class=\"container\">\r\n\t\t\t<div class=\"wpb_row vc_row-fluid\">\r\n\t\t\t\t<div class=\"wpb_column vc_column_container vc_col-sm-12\"><div class=\"vc_column-inner\"><div class=\"wpb_wrapper\"><\/div><\/div><\/div>\t\t\t<\/div>\r\n\t\t<\/div>\r\n\r\n\t\t<div class=\"section-anchor section-bottom-anchor\" data-anchor=\"bottom\" data-section=\"#section-2\"><\/div>\r\n\r\n\t<\/section>\n<\/div>","protected":false},"excerpt":{"rendered":"Content Creation schafft Raum f\u00fcr die ausf\u00fchrliche Darstellung eigener Themen.\u00a0 Hier gilt im Besonderen: Je fundierter, je ausgewogener, je transparenter die Inhalte sind, desto h\u00f6her ist die Glaubw\u00fcrdigkeit. Wir konzipieren unterschiedliche Publikationsformate, \u00fcbernehmen die Themenfindung, texten die Inhalte zielgruppengenau, sorgen f\u00fcr das passende Layout, \u00fcberwachen Herstellung und Druck und veranlassen auch die Distribution bei den&hellip;","protected":false},"author":9,"featured_media":0,"parent":0,"menu_order":0,"comment_status":"closed","ping_status":"closed","template":"page-template-full-width.php","meta":{"footnotes":""},"class_list":["post-561","page","type-page","status-publish","hentry"],"yoast_head":"<!-- This site is optimized with the Yoast SEO plugin v25.9 - https:\/\/yoast.com\/wordpress\/plugins\/seo\/ -->\n<title>Content Creation - Newskontor<\/title>\n<meta name=\"robots\" content=\"index, follow, max-snippet:-1, max-image-preview:large, max-video-preview:-1\" \/>\n<link rel=\"canonical\" href=\"https:\/\/www.news-kontor.de\/en\/content-creation\/\" \/>\n<meta property=\"og:locale\" content=\"en_GB\" \/>\n<meta property=\"og:type\" content=\"article\" \/>\n<meta property=\"og:title\" content=\"Content Creation - Newskontor\" \/>\n<meta property=\"og:url\" content=\"https:\/\/www.news-kontor.de\/en\/content-creation\/\" \/>\n<meta property=\"og:site_name\" content=\"Newskontor\" \/>\n<meta property=\"article:modified_time\" content=\"2026-01-29T14:44:08+00:00\" \/>\n<meta property=\"og:image\" content=\"https:\/\/www.news-kontor.de\/wp-content\/uploads\/2021\/08\/SocialMedia-Vorschaubild2.jpg\" \/>\n\t<meta property=\"og:image:width\" content=\"1200\" \/>\n\t<meta property=\"og:image:height\" content=\"630\" \/>\n\t<meta property=\"og:image:type\" content=\"image\/jpeg\" \/>\n<meta name=\"twitter:card\" content=\"summary_large_image\" \/>\n<meta name=\"twitter:label1\" content=\"Estimated reading time\" \/>\n\t<meta name=\"twitter:data1\" content=\"1 minute\" \/>\n<script type=\"application\/ld+json\" class=\"yoast-schema-graph\">{\"@context\":\"https:\/\/schema.org\",\"@graph\":[{\"@type\":\"WebPage\",\"@id\":\"https:\/\/www.news-kontor.de\/content-creation\/\",\"url\":\"https:\/\/www.news-kontor.de\/content-creation\/\",\"name\":\"Content Creation - Newskontor\",\"isPartOf\":{\"@id\":\"https:\/\/www.news-kontor.de\/#website\"},\"datePublished\":\"2016-01-08T13:16:36+00:00\",\"dateModified\":\"2026-01-29T14:44:08+00:00\",\"breadcrumb\":{\"@id\":\"https:\/\/www.news-kontor.de\/content-creation\/#breadcrumb\"},\"inLanguage\":\"en-GB\",\"potentialAction\":[{\"@type\":\"ReadAction\",\"target\":[\"https:\/\/www.news-kontor.de\/content-creation\/\"]}]},{\"@type\":\"BreadcrumbList\",\"@id\":\"https:\/\/www.news-kontor.de\/content-creation\/#breadcrumb\",\"itemListElement\":[{\"@type\":\"ListItem\",\"position\":1,\"name\":\"Startseite\",\"item\":\"https:\/\/www.news-kontor.de\/\"},{\"@type\":\"ListItem\",\"position\":2,\"name\":\"Content Creation\"}]},{\"@type\":\"WebSite\",\"@id\":\"https:\/\/www.news-kontor.de\/#website\",\"url\":\"https:\/\/www.news-kontor.de\/\",\"name\":\"Newskontor\",\"description\":\"Agentur f\u00fcr Kommunikation\",\"potentialAction\":[{\"@type\":\"SearchAction\",\"target\":{\"@type\":\"EntryPoint\",\"urlTemplate\":\"https:\/\/www.news-kontor.de\/?s={search_term_string}\"},\"query-input\":{\"@type\":\"PropertyValueSpecification\",\"valueRequired\":true,\"valueName\":\"search_term_string\"}}],\"inLanguage\":\"en-GB\"}]}<\/script>\n<!-- \/ Yoast SEO plugin. -->","yoast_head_json":{"title":"Content Creation - Newskontor","robots":{"index":"index","follow":"follow","max-snippet":"max-snippet:-1","max-image-preview":"max-image-preview:large","max-video-preview":"max-video-preview:-1"},"canonical":"https:\/\/www.news-kontor.de\/en\/content-creation\/","og_locale":"en_GB","og_type":"article","og_title":"Content Creation - Newskontor","og_url":"https:\/\/www.news-kontor.de\/en\/content-creation\/","og_site_name":"Newskontor","article_modified_time":"2026-01-29T14:44:08+00:00","og_image":[{"width":1200,"height":630,"url":"https:\/\/www.news-kontor.de\/wp-content\/uploads\/2021\/08\/SocialMedia-Vorschaubild2.jpg","type":"image\/jpeg"}],"twitter_card":"summary_large_image","twitter_misc":{"Estimated reading time":"1 minute"},"schema":{"@context":"https:\/\/schema.org","@graph":[{"@type":"WebPage","@id":"https:\/\/www.news-kontor.de\/content-creation\/","url":"https:\/\/www.news-kontor.de\/content-creation\/","name":"Content Creation - Newskontor","isPartOf":{"@id":"https:\/\/www.news-kontor.de\/#website"},"datePublished":"2016-01-08T13:16:36+00:00","dateModified":"2026-01-29T14:44:08+00:00","breadcrumb":{"@id":"https:\/\/www.news-kontor.de\/content-creation\/#breadcrumb"},"inLanguage":"en-GB","potentialAction":[{"@type":"ReadAction","target":["https:\/\/www.news-kontor.de\/content-creation\/"]}]},{"@type":"BreadcrumbList","@id":"https:\/\/www.news-kontor.de\/content-creation\/#breadcrumb","itemListElement":[{"@type":"ListItem","position":1,"name":"Startseite","item":"https:\/\/www.news-kontor.de\/"},{"@type":"ListItem","position":2,"name":"Content Creation"}]},{"@type":"WebSite","@id":"https:\/\/www.news-kontor.de\/#website","url":"https:\/\/www.news-kontor.de\/","name":"Newskontor","description":"Agency for Communication","potentialAction":[{"@type":"SearchAction","target":{"@type":"EntryPoint","urlTemplate":"https:\/\/www.news-kontor.de\/?s={search_term_string}"},"query-input":{"@type":"PropertyValueSpecification","valueRequired":true,"valueName":"search_term_string"}}],"inLanguage":"en-GB"}]}},"_links":{"self":[{"href":"https:\/\/www.news-kontor.de\/en\/wp-json\/wp\/v2\/pages\/561","targetHints":{"allow":["GET"]}}],"collection":[{"href":"https:\/\/www.news-kontor.de\/en\/wp-json\/wp\/v2\/pages"}],"about":[{"href":"https:\/\/www.news-kontor.de\/en\/wp-json\/wp\/v2\/types\/page"}],"author":[{"embeddable":true,"href":"https:\/\/www.news-kontor.de\/en\/wp-json\/wp\/v2\/users\/9"}],"replies":[{"embeddable":true,"href":"https:\/\/www.news-kontor.de\/en\/wp-json\/wp\/v2\/comments?post=561"}],"version-history":[{"count":6,"href":"https:\/\/www.news-kontor.de\/en\/wp-json\/wp\/v2\/pages\/561\/revisions"}],"predecessor-version":[{"id":3521,"href":"https:\/\/www.news-kontor.de\/en\/wp-json\/wp\/v2\/pages\/561\/revisions\/3521"}],"wp:attachment":[{"href":"https:\/\/www.news-kontor.de\/en\/wp-json\/wp\/v2\/media?parent=561"}],"curies":[{"name":"wp","href":"https:\/\/api.w.org\/{rel}","templated":true}]}}