{"id":556,"date":"2016-01-08T14:00:33","date_gmt":"2016-01-08T13:00:33","guid":{"rendered":"http:\/\/newskontor.walterstestseite.de\/?page_id=556"},"modified":"2016-05-09T23:28:51","modified_gmt":"2016-05-09T21:28:51","slug":"medienarbeit","status":"publish","type":"page","link":"https:\/\/www.news-kontor.de\/en\/medienarbeit\/","title":{"rendered":"Media relations"},"content":{"rendered":"<div class=\"wpb-content-wrapper\">\r\n\t\r\n\t<section id=\"section-1\" class=\"content-section section vc-section separator-none\">\r\n\r\n\t\t<div class=\"section-anchor section-top-anchor\" data-anchor=\"top\" data-section=\"#section-1\"><\/div>\r\n\t\t\r\n\t\t\r\n\t\t\r\n\t\t\t\r\n\t\t\t\t\t\t\t\t<div class=\"section-background\" data-parallax=\"background\"><\/div>\r\n\r\n\t\t\t\r\n\t\t\r\n\t\t\t\t<div class=\"separator\" style=\"background-color: #000000; color: #ffffff;\"><\/div>\r\n\r\n\t\t<div class=\"container\">\r\n\t\t\t<div class=\"wpb_row vc_row-fluid\">\r\n\t\t\t\t<div class=\"wpb_column vc_column_container vc_col-sm-6\"><div class=\"vc_column-inner\"><div class=\"wpb_wrapper\">\n\t<div  class=\"wpb_single_image wpb_content_element vc_align_left wpb_content_element wpb_animate_when_almost_visible wpb_animate_css animated fadeInUp animate_css animated fadeInUp\">\n\t\t\n\t\t<figure class=\"wpb_wrapper vc_figure\">\n\t\t\t<div class=\"vc_single_image-wrapper   vc_box_border_grey\"><img loading=\"lazy\" decoding=\"async\" width=\"760\" height=\"445\" src=\"https:\/\/www.news-kontor.de\/wp-content\/uploads\/2014\/04\/photo-1417733403748-83bbc7c05140-1024x600.jpeg\" class=\"vc_single_image-img attachment-large\" alt=\"Newskontor - Agentur f\u00fcr Kommunikation\" title=\"Laptop\" srcset=\"https:\/\/www.news-kontor.de\/wp-content\/uploads\/2014\/04\/photo-1417733403748-83bbc7c05140-1024x600.jpeg 1024w, https:\/\/www.news-kontor.de\/wp-content\/uploads\/2014\/04\/photo-1417733403748-83bbc7c05140-300x176.jpeg 300w\" sizes=\"auto, (max-width: 760px) 100vw, 760px\" \/><\/div>\n\t\t<\/figure>\n\t<\/div>\n<\/div><\/div><\/div><div class=\"wpb_column vc_column_container vc_col-sm-6\"><div class=\"vc_column-inner\"><div class=\"wpb_wrapper\">\n\t<div class=\"wpb_text_column wpb_content_element\" >\n\t\t<div class=\"wpb_wrapper\">\n\t\t\t<p><b>The aim of media relations is to anchor our clients' messages and topics in the editorial environment.<\/b><\/p>\n<p>It serves to position a brand, sharpen the profile of a company, and establish credibility. We use all channels for this purpose: Daily and weekly newspapers, trade and consumer magazines, TV and radio, online media and social communities.<\/p>\n<p>We start by defining the communication strategy: we analyze the status quo of the market position and image and take a close look at the information available in the company. On this basis, we develop the communication goals and show how to achieve them. Communication must contribute to the corporate objectives.<\/p>\n<p>We use various instruments for implementation:<br \/>\n\u2013 Continuous topic management<br \/>\n&#8211; Interviews<br \/>\n\u2013 Guest contributions<br \/>\n\u2013 Press releases<br \/>\n\u2013 Editorial visits<br \/>\n\u2013 Interviews\/press conferences<br \/>\n\u2013 Roundtable discussions<br \/>\n\u2013 Participation in special topic supplements<br \/>\n\u2013 Development of surveys and studies<\/p>\n\n\t\t<\/div>\n\t<\/div>\n<\/div><\/div><\/div>\t\t\t<\/div>\r\n\t\t<\/div>\r\n\r\n\t\t<div class=\"section-anchor section-bottom-anchor\" data-anchor=\"bottom\" data-section=\"#section-1\"><\/div>\r\n\r\n\t<\/section>\r\n\t\r\n\n<\/div>","protected":false},"excerpt":{"rendered":"Medienarbeit hat das Ziel, die Botschaften und Themen unserer Kunden im redaktionellen Umfeld zu verankern. Sie dient dazu, eine Marke zu positionieren, das Profil eines Unternehmens zu sch\u00e4rfen, Glaubw\u00fcrdigkeit herzustellen. Dazu nutzen wir s\u00e4mtliche Kan\u00e4le: Tages- und Wochenzeitungen, Fach- und Publikumszeitschriften, TV und Radio, Online-Medien und Social Communities. Am Anfang steht die Festlegung der Kommunikationsstrategie:&hellip;","protected":false},"author":9,"featured_media":0,"parent":0,"menu_order":0,"comment_status":"closed","ping_status":"closed","template":"page-template-full-width.php","meta":{"footnotes":""},"class_list":["post-556","page","type-page","status-publish","hentry"],"yoast_head":"<!-- This site is optimized with the Yoast SEO plugin v25.9 - https:\/\/yoast.com\/wordpress\/plugins\/seo\/ -->\n<title>Medienarbeit - Newskontor<\/title>\n<meta name=\"robots\" content=\"index, follow, max-snippet:-1, max-image-preview:large, max-video-preview:-1\" \/>\n<link rel=\"canonical\" href=\"https:\/\/www.news-kontor.de\/en\/medienarbeit\/\" \/>\n<meta property=\"og:locale\" content=\"en_GB\" \/>\n<meta property=\"og:type\" content=\"article\" \/>\n<meta property=\"og:title\" content=\"Medienarbeit - Newskontor\" \/>\n<meta property=\"og:url\" content=\"https:\/\/www.news-kontor.de\/en\/medienarbeit\/\" \/>\n<meta property=\"og:site_name\" content=\"Newskontor\" \/>\n<meta property=\"article:modified_time\" content=\"2016-05-09T21:28:51+00:00\" \/>\n<meta property=\"og:image\" content=\"https:\/\/www.news-kontor.de\/wp-content\/uploads\/2021\/08\/SocialMedia-Vorschaubild2.jpg\" \/>\n\t<meta property=\"og:image:width\" content=\"1200\" \/>\n\t<meta property=\"og:image:height\" content=\"630\" \/>\n\t<meta property=\"og:image:type\" content=\"image\/jpeg\" \/>\n<meta name=\"twitter:card\" content=\"summary_large_image\" \/>\n<meta name=\"twitter:label1\" content=\"Estimated reading time\" \/>\n\t<meta name=\"twitter:data1\" content=\"1 minute\" \/>\n<script type=\"application\/ld+json\" class=\"yoast-schema-graph\">{\"@context\":\"https:\/\/schema.org\",\"@graph\":[{\"@type\":\"WebPage\",\"@id\":\"https:\/\/www.news-kontor.de\/medienarbeit\/\",\"url\":\"https:\/\/www.news-kontor.de\/medienarbeit\/\",\"name\":\"Medienarbeit - Newskontor\",\"isPartOf\":{\"@id\":\"https:\/\/www.news-kontor.de\/#website\"},\"datePublished\":\"2016-01-08T13:00:33+00:00\",\"dateModified\":\"2016-05-09T21:28:51+00:00\",\"breadcrumb\":{\"@id\":\"https:\/\/www.news-kontor.de\/medienarbeit\/#breadcrumb\"},\"inLanguage\":\"en-GB\",\"potentialAction\":[{\"@type\":\"ReadAction\",\"target\":[\"https:\/\/www.news-kontor.de\/medienarbeit\/\"]}]},{\"@type\":\"BreadcrumbList\",\"@id\":\"https:\/\/www.news-kontor.de\/medienarbeit\/#breadcrumb\",\"itemListElement\":[{\"@type\":\"ListItem\",\"position\":1,\"name\":\"Startseite\",\"item\":\"https:\/\/www.news-kontor.de\/\"},{\"@type\":\"ListItem\",\"position\":2,\"name\":\"Medienarbeit\"}]},{\"@type\":\"WebSite\",\"@id\":\"https:\/\/www.news-kontor.de\/#website\",\"url\":\"https:\/\/www.news-kontor.de\/\",\"name\":\"Newskontor\",\"description\":\"Agentur f\u00fcr Kommunikation\",\"potentialAction\":[{\"@type\":\"SearchAction\",\"target\":{\"@type\":\"EntryPoint\",\"urlTemplate\":\"https:\/\/www.news-kontor.de\/?s={search_term_string}\"},\"query-input\":{\"@type\":\"PropertyValueSpecification\",\"valueRequired\":true,\"valueName\":\"search_term_string\"}}],\"inLanguage\":\"en-GB\"}]}<\/script>\n<!-- \/ Yoast SEO plugin. -->","yoast_head_json":{"title":"Medienarbeit - Newskontor","robots":{"index":"index","follow":"follow","max-snippet":"max-snippet:-1","max-image-preview":"max-image-preview:large","max-video-preview":"max-video-preview:-1"},"canonical":"https:\/\/www.news-kontor.de\/en\/medienarbeit\/","og_locale":"en_GB","og_type":"article","og_title":"Medienarbeit - Newskontor","og_url":"https:\/\/www.news-kontor.de\/en\/medienarbeit\/","og_site_name":"Newskontor","article_modified_time":"2016-05-09T21:28:51+00:00","og_image":[{"width":1200,"height":630,"url":"https:\/\/www.news-kontor.de\/wp-content\/uploads\/2021\/08\/SocialMedia-Vorschaubild2.jpg","type":"image\/jpeg"}],"twitter_card":"summary_large_image","twitter_misc":{"Estimated reading time":"1 minute"},"schema":{"@context":"https:\/\/schema.org","@graph":[{"@type":"WebPage","@id":"https:\/\/www.news-kontor.de\/medienarbeit\/","url":"https:\/\/www.news-kontor.de\/medienarbeit\/","name":"Medienarbeit - Newskontor","isPartOf":{"@id":"https:\/\/www.news-kontor.de\/#website"},"datePublished":"2016-01-08T13:00:33+00:00","dateModified":"2016-05-09T21:28:51+00:00","breadcrumb":{"@id":"https:\/\/www.news-kontor.de\/medienarbeit\/#breadcrumb"},"inLanguage":"en-GB","potentialAction":[{"@type":"ReadAction","target":["https:\/\/www.news-kontor.de\/medienarbeit\/"]}]},{"@type":"BreadcrumbList","@id":"https:\/\/www.news-kontor.de\/medienarbeit\/#breadcrumb","itemListElement":[{"@type":"ListItem","position":1,"name":"Startseite","item":"https:\/\/www.news-kontor.de\/"},{"@type":"ListItem","position":2,"name":"Medienarbeit"}]},{"@type":"WebSite","@id":"https:\/\/www.news-kontor.de\/#website","url":"https:\/\/www.news-kontor.de\/","name":"Newskontor","description":"Agency for Communication","potentialAction":[{"@type":"SearchAction","target":{"@type":"EntryPoint","urlTemplate":"https:\/\/www.news-kontor.de\/?s={search_term_string}"},"query-input":{"@type":"PropertyValueSpecification","valueRequired":true,"valueName":"search_term_string"}}],"inLanguage":"en-GB"}]}},"_links":{"self":[{"href":"https:\/\/www.news-kontor.de\/en\/wp-json\/wp\/v2\/pages\/556","targetHints":{"allow":["GET"]}}],"collection":[{"href":"https:\/\/www.news-kontor.de\/en\/wp-json\/wp\/v2\/pages"}],"about":[{"href":"https:\/\/www.news-kontor.de\/en\/wp-json\/wp\/v2\/types\/page"}],"author":[{"embeddable":true,"href":"https:\/\/www.news-kontor.de\/en\/wp-json\/wp\/v2\/users\/9"}],"replies":[{"embeddable":true,"href":"https:\/\/www.news-kontor.de\/en\/wp-json\/wp\/v2\/comments?post=556"}],"version-history":[{"count":5,"href":"https:\/\/www.news-kontor.de\/en\/wp-json\/wp\/v2\/pages\/556\/revisions"}],"predecessor-version":[{"id":650,"href":"https:\/\/www.news-kontor.de\/en\/wp-json\/wp\/v2\/pages\/556\/revisions\/650"}],"wp:attachment":[{"href":"https:\/\/www.news-kontor.de\/en\/wp-json\/wp\/v2\/media?parent=556"}],"curies":[{"name":"wp","href":"https:\/\/api.w.org\/{rel}","templated":true}]}}