{"id":1284,"date":"2017-05-16T10:04:10","date_gmt":"2017-05-16T08:04:10","guid":{"rendered":"http:\/\/www.news-kontor.de\/?page_id=1284"},"modified":"2017-06-13T12:42:10","modified_gmt":"2017-06-13T10:42:10","slug":"markenentwicklung","status":"publish","type":"page","link":"https:\/\/www.news-kontor.de\/en\/markenentwicklung\/","title":{"rendered":"Brand Development"},"content":{"rendered":"<div class=\"wpb-content-wrapper\">\r\n\t\r\n\t<section id=\"section-1\" class=\"content-section section vc-section separator-none\">\r\n\r\n\t\t<div class=\"section-anchor section-top-anchor\" data-anchor=\"top\" data-section=\"#section-1\"><\/div>\r\n\t\t\r\n\t\t\r\n\t\t\r\n\t\t\t\r\n\t\t\t\t\t\t\t\t<div class=\"section-background\" data-parallax=\"background\"><\/div>\r\n\r\n\t\t\t\r\n\t\t\r\n\t\t\t\t<div class=\"separator\" style=\"background-color: #000000; color: #ffffff;\"><\/div>\r\n\r\n\t\t<div class=\"container\">\r\n\t\t\t<div class=\"wpb_row vc_row-fluid\">\r\n\t\t\t\t<div class=\"wpb_column vc_column_container vc_col-sm-12\"><div class=\"vc_column-inner\"><div class=\"wpb_wrapper\">\n\t<div  class=\"wpb_single_image wpb_content_element vc_align_center wpb_content_element wpb_animate_when_almost_visible wpb_animate_css animated fadeInUp animate_css animated fadeInUp\">\n\t\t\n\t\t<figure class=\"wpb_wrapper vc_figure\">\n\t\t\t<div class=\"vc_single_image-wrapper   vc_box_border_grey\"><img loading=\"lazy\" decoding=\"async\" width=\"661\" height=\"581\" src=\"https:\/\/www.news-kontor.de\/wp-content\/uploads\/2017\/05\/Markenentwicklung.png\" class=\"vc_single_image-img attachment-large\" alt=\"\" title=\"Brand Development\" srcset=\"https:\/\/www.news-kontor.de\/wp-content\/uploads\/2017\/05\/Markenentwicklung.png 661w, https:\/\/www.news-kontor.de\/wp-content\/uploads\/2017\/05\/Markenentwicklung-300x264.png 300w\" sizes=\"auto, (max-width: 661px) 100vw, 661px\" \/><\/div>\n\t\t<\/figure>\n\t<\/div>\n\n\t<div class=\"wpb_text_column wpb_content_element\" >\n\t\t<div class=\"wpb_wrapper\">\n\t\t\t<p>The fact that products and services are becoming increasingly similar is nothing new. Differentiation from the competition and the communication of \u201ereal\u201c advantages are thus facing particular challenges. Against this background, the brand is becoming a critical success factor. The brand shapes consumer behavior and strengthens organizational competitiveness. Together with you, we develop a holistic brand positioning and accompany its implementation.<\/p>\n<p>According to the <em>Gabler Lexikon Marketing<\/em>brand identity is the consistent sum of all characteristics of a brand that permanently distinguishes this object from others and thus constitutes its brand personality. How is such a brand identity or corporate identity created?<\/p>\n<p>First of all, branding has nothing to do with operational marketing measures - whether offline or online. Nor should \"corporate identity\" or \"branding\" be reduced to a name, a logo or a specific design. Rather, it is about holistic brand management that encompasses all identity dimensions.<\/p>\n<p>When developing a brand identity, we are guided by the holistic brand model described by Klaus Schmidt (2003). According to this model, brand and corporate identities are made up of six dimensions: Culture, Behavior, Products and Services, Markets and Customers, Design and Communication. Positioning forms the core of the holistic brand model; it is influenced by the six dimensions and also influences them.<\/p>\n<p>In workshops and focus groups involving employees at all levels, we develop the elements of a holistic positioning together with our clients in a multi-stage process:<\/p>\n<ul>\n<li><strong>Vision<\/strong>: forward-looking statement on the goals of a company or brand<\/li>\n<li><strong>Mission<\/strong>: ways and measures to achieve the goals formulated in the vision<\/li>\n<li><strong>Values<\/strong>: individual and collective attitudes on which the actions of a brand or company are based<\/li>\n<li><strong>Differentiation factors<\/strong> (core of positioning): define the distinguishing features that are critical for market success compared to the competition, distinguishing between rational and emotional differentiation aspects<\/li>\n<li><strong>Customer benefit<\/strong>: is derived from the entirety of the differentiation factors and their aspects<\/li>\n<li><strong>Value proposition<\/strong>: The basis for the formulation is the customer benefit<\/li>\n<\/ul>\n<p>The holistic positioning is condensed into a mission statement. However, this is only half the job. To ensure that the mission statement does not just remain on paper, but is given operational relevance, we support the permanent anchoring of the formulated claim and self-image in corporate behavior, corporate communication and corporate image.<\/p>\n\n\t\t<\/div>\n\t<\/div>\n<\/div><\/div><\/div>\t\t\t<\/div>\r\n\t\t<\/div>\r\n\r\n\t\t<div class=\"section-anchor section-bottom-anchor\" data-anchor=\"bottom\" data-section=\"#section-1\"><\/div>\r\n\r\n\t<\/section>\r\n\t\r\n\n<\/div>","protected":false},"excerpt":{"rendered":"Dass Produkte und Dienstleistungen einander immer \u00e4hnlicher werden, ist keine neue Erkenntnis. Die Differenzierung zum Wettbewerb und die Kommunikation \u201eechter\u201c Vorteile stehen damit vor besonderen Herausforderungen. Vor diesem Hintergrund wird die Marke zum kritischen Erfolgsfaktor. Die Marke pr\u00e4gt Konsumentenverhalten und st\u00e4rkt die organisatorische Wettbewerbsf\u00e4higkeit. Wir unterst\u00fctzen Unternehmen bei der Entwicklung ihrer Markenidentit\u00e4t. Markenidentit\u00e4t, so das&hellip;","protected":false},"author":9,"featured_media":0,"parent":0,"menu_order":0,"comment_status":"closed","ping_status":"closed","template":"page-template-full-width.php","meta":{"footnotes":""},"class_list":["post-1284","page","type-page","status-publish","hentry"],"yoast_head":"<!-- This site is optimized with the Yoast SEO plugin v25.9 - https:\/\/yoast.com\/wordpress\/plugins\/seo\/ -->\n<title>Markenentwicklung - Newskontor<\/title>\n<meta name=\"robots\" content=\"index, follow, max-snippet:-1, max-image-preview:large, max-video-preview:-1\" \/>\n<link rel=\"canonical\" href=\"https:\/\/www.news-kontor.de\/en\/markenentwicklung\/\" \/>\n<meta property=\"og:locale\" content=\"en_GB\" \/>\n<meta property=\"og:type\" content=\"article\" \/>\n<meta property=\"og:title\" content=\"Markenentwicklung - Newskontor\" \/>\n<meta property=\"og:url\" content=\"https:\/\/www.news-kontor.de\/en\/markenentwicklung\/\" \/>\n<meta property=\"og:site_name\" content=\"Newskontor\" \/>\n<meta property=\"article:modified_time\" content=\"2017-06-13T10:42:10+00:00\" \/>\n<meta property=\"og:image\" content=\"https:\/\/www.news-kontor.de\/wp-content\/uploads\/2021\/08\/SocialMedia-Vorschaubild2.jpg\" \/>\n\t<meta property=\"og:image:width\" content=\"1200\" \/>\n\t<meta property=\"og:image:height\" content=\"630\" \/>\n\t<meta property=\"og:image:type\" content=\"image\/jpeg\" \/>\n<meta name=\"twitter:card\" content=\"summary_large_image\" \/>\n<meta name=\"twitter:label1\" content=\"Estimated reading time\" \/>\n\t<meta name=\"twitter:data1\" content=\"2 minutes\" \/>\n<script type=\"application\/ld+json\" class=\"yoast-schema-graph\">{\"@context\":\"https:\/\/schema.org\",\"@graph\":[{\"@type\":\"WebPage\",\"@id\":\"https:\/\/www.news-kontor.de\/markenentwicklung\/\",\"url\":\"https:\/\/www.news-kontor.de\/markenentwicklung\/\",\"name\":\"Markenentwicklung - Newskontor\",\"isPartOf\":{\"@id\":\"https:\/\/www.news-kontor.de\/#website\"},\"datePublished\":\"2017-05-16T08:04:10+00:00\",\"dateModified\":\"2017-06-13T10:42:10+00:00\",\"breadcrumb\":{\"@id\":\"https:\/\/www.news-kontor.de\/markenentwicklung\/#breadcrumb\"},\"inLanguage\":\"en-GB\",\"potentialAction\":[{\"@type\":\"ReadAction\",\"target\":[\"https:\/\/www.news-kontor.de\/markenentwicklung\/\"]}]},{\"@type\":\"BreadcrumbList\",\"@id\":\"https:\/\/www.news-kontor.de\/markenentwicklung\/#breadcrumb\",\"itemListElement\":[{\"@type\":\"ListItem\",\"position\":1,\"name\":\"Startseite\",\"item\":\"https:\/\/www.news-kontor.de\/\"},{\"@type\":\"ListItem\",\"position\":2,\"name\":\"Markenentwicklung\"}]},{\"@type\":\"WebSite\",\"@id\":\"https:\/\/www.news-kontor.de\/#website\",\"url\":\"https:\/\/www.news-kontor.de\/\",\"name\":\"Newskontor\",\"description\":\"Agentur f\u00fcr Kommunikation\",\"potentialAction\":[{\"@type\":\"SearchAction\",\"target\":{\"@type\":\"EntryPoint\",\"urlTemplate\":\"https:\/\/www.news-kontor.de\/?s={search_term_string}\"},\"query-input\":{\"@type\":\"PropertyValueSpecification\",\"valueRequired\":true,\"valueName\":\"search_term_string\"}}],\"inLanguage\":\"en-GB\"}]}<\/script>\n<!-- \/ Yoast SEO plugin. -->","yoast_head_json":{"title":"Markenentwicklung - Newskontor","robots":{"index":"index","follow":"follow","max-snippet":"max-snippet:-1","max-image-preview":"max-image-preview:large","max-video-preview":"max-video-preview:-1"},"canonical":"https:\/\/www.news-kontor.de\/en\/markenentwicklung\/","og_locale":"en_GB","og_type":"article","og_title":"Markenentwicklung - Newskontor","og_url":"https:\/\/www.news-kontor.de\/en\/markenentwicklung\/","og_site_name":"Newskontor","article_modified_time":"2017-06-13T10:42:10+00:00","og_image":[{"width":1200,"height":630,"url":"https:\/\/www.news-kontor.de\/wp-content\/uploads\/2021\/08\/SocialMedia-Vorschaubild2.jpg","type":"image\/jpeg"}],"twitter_card":"summary_large_image","twitter_misc":{"Estimated reading time":"2 minutes"},"schema":{"@context":"https:\/\/schema.org","@graph":[{"@type":"WebPage","@id":"https:\/\/www.news-kontor.de\/markenentwicklung\/","url":"https:\/\/www.news-kontor.de\/markenentwicklung\/","name":"Markenentwicklung - Newskontor","isPartOf":{"@id":"https:\/\/www.news-kontor.de\/#website"},"datePublished":"2017-05-16T08:04:10+00:00","dateModified":"2017-06-13T10:42:10+00:00","breadcrumb":{"@id":"https:\/\/www.news-kontor.de\/markenentwicklung\/#breadcrumb"},"inLanguage":"en-GB","potentialAction":[{"@type":"ReadAction","target":["https:\/\/www.news-kontor.de\/markenentwicklung\/"]}]},{"@type":"BreadcrumbList","@id":"https:\/\/www.news-kontor.de\/markenentwicklung\/#breadcrumb","itemListElement":[{"@type":"ListItem","position":1,"name":"Startseite","item":"https:\/\/www.news-kontor.de\/"},{"@type":"ListItem","position":2,"name":"Markenentwicklung"}]},{"@type":"WebSite","@id":"https:\/\/www.news-kontor.de\/#website","url":"https:\/\/www.news-kontor.de\/","name":"Newskontor","description":"Agency for Communication","potentialAction":[{"@type":"SearchAction","target":{"@type":"EntryPoint","urlTemplate":"https:\/\/www.news-kontor.de\/?s={search_term_string}"},"query-input":{"@type":"PropertyValueSpecification","valueRequired":true,"valueName":"search_term_string"}}],"inLanguage":"en-GB"}]}},"_links":{"self":[{"href":"https:\/\/www.news-kontor.de\/en\/wp-json\/wp\/v2\/pages\/1284","targetHints":{"allow":["GET"]}}],"collection":[{"href":"https:\/\/www.news-kontor.de\/en\/wp-json\/wp\/v2\/pages"}],"about":[{"href":"https:\/\/www.news-kontor.de\/en\/wp-json\/wp\/v2\/types\/page"}],"author":[{"embeddable":true,"href":"https:\/\/www.news-kontor.de\/en\/wp-json\/wp\/v2\/users\/9"}],"replies":[{"embeddable":true,"href":"https:\/\/www.news-kontor.de\/en\/wp-json\/wp\/v2\/comments?post=1284"}],"version-history":[{"count":4,"href":"https:\/\/www.news-kontor.de\/en\/wp-json\/wp\/v2\/pages\/1284\/revisions"}],"predecessor-version":[{"id":1293,"href":"https:\/\/www.news-kontor.de\/en\/wp-json\/wp\/v2\/pages\/1284\/revisions\/1293"}],"wp:attachment":[{"href":"https:\/\/www.news-kontor.de\/en\/wp-json\/wp\/v2\/media?parent=1284"}],"curies":[{"name":"wp","href":"https:\/\/api.w.org\/{rel}","templated":true}]}}